{"id":2039,"date":"2025-04-14T16:06:27","date_gmt":"2025-04-14T16:06:27","guid":{"rendered":"https:\/\/andinaseed.com\/andina25\/?post_type=product&#038;p=2039"},"modified":"2025-04-14T16:06:50","modified_gmt":"2025-04-14T16:06:50","slug":"feromonas-tuta-absoluta-x20","status":"publish","type":"product","link":"https:\/\/andinaseed.com\/andina25\/producto\/feromonas-tuta-absoluta-x20\/","title":{"rendered":"Feromonas Tuta Absoluta x20"},"content":{"rendered":"<p>C\u00e1psulas de feromonas sexuales dise\u00f1adas para uso agr\u00edcola, eficaces en la atracci\u00f3n de machos de <em data-start=\"207\" data-end=\"222\">Tuta absoluta<\/em>. Se utilizan en trampas para monitoreo o control masivo, ayudando a reducir la poblaci\u00f3n de esta plaga en cultivos como tomate, de forma segura, ecol\u00f3gica y sin residuos qu\u00edmicos.<\/p>\n","protected":false},"excerpt":{"rendered":"<ul>\n<li>Monitoreo o control masivo Tuta Absolutoa (Enrollador)<\/li>\n<li>Ecol\u00f3gica<\/li>\n<li>Sin residuos qu\u00edmicos<\/li>\n<\/ul>\n","protected":false},"featured_media":2040,"template":"","meta":[],"product_brand":[],"product_cat":[75],"product_tag":[],"class_list":{"0":"post-2039","1":"product","2":"type-product","3":"status-publish","4":"has-post-thumbnail","6":"product_cat-fer","8":"first","9":"instock","10":"shipping-taxable","11":"product-type-simple"},"_links":{"self":[{"href":"https:\/\/andinaseed.com\/andina25\/wp-json\/wp\/v2\/product\/2039","targetHints":{"allow":["GET"]}}],"collection":[{"href":"https:\/\/andinaseed.com\/andina25\/wp-json\/wp\/v2\/product"}],"about":[{"href":"https:\/\/andinaseed.com\/andina25\/wp-json\/wp\/v2\/types\/product"}],"version-history":[{"count":1,"href":"https:\/\/andinaseed.com\/andina25\/wp-json\/wp\/v2\/product\/2039\/revisions"}],"predecessor-version":[{"id":2042,"href":"https:\/\/andinaseed.com\/andina25\/wp-json\/wp\/v2\/product\/2039\/revisions\/2042"}],"wp:featuredmedia":[{"embeddable":true,"href":"https:\/\/andinaseed.com\/andina25\/wp-json\/wp\/v2\/media\/2040"}],"wp:attachment":[{"href":"https:\/\/andinaseed.com\/andina25\/wp-json\/wp\/v2\/media?parent=2039"}],"wp:term":[{"taxonomy":"product_brand","embeddable":true,"href":"https:\/\/andinaseed.com\/andina25\/wp-json\/wp\/v2\/product_brand?post=2039"},{"taxonomy":"product_cat","embeddable":true,"href":"https:\/\/andinaseed.com\/andina25\/wp-json\/wp\/v2\/product_cat?post=2039"},{"taxonomy":"product_tag","embeddable":true,"href":"https:\/\/andinaseed.com\/andina25\/wp-json\/wp\/v2\/product_tag?post=2039"}],"curies":[{"name":"wp","href":"https:\/\/api.w.org\/{rel}","templated":true}]}}